{"id":341,"date":"2024-04-10T14:14:56","date_gmt":"2024-04-10T14:14:56","guid":{"rendered":"https:\/\/queervienna.at\/grant-application\/"},"modified":"2025-09-11T12:01:07","modified_gmt":"2025-09-11T12:01:07","slug":"grant-application","status":"publish","type":"page","link":"https:\/\/queervienna.at\/de\/grant-application\/","title":{"rendered":"Zuschussantrag"},"content":{"rendered":"\n<div class=\"wp-block-columns is-layout-flex wp-container-core-columns-is-layout-28f84493 wp-block-columns-is-layout-flex\">\n<div class=\"wp-block-column is-layout-flow wp-block-column-is-layout-flow\" style=\"flex-basis:25%\"><\/div>\n\n\n\n<div class=\"wp-block-column is-layout-flow wp-block-column-is-layout-flow\" style=\"flex-basis:50%\">\n<p>Zuschussantr\u00e4ge sind derzeit geschlossen.<\/p>\n\n\n\n<p>Wir bearbeiten die neu eingereichten F\u00f6rderantr\u00e4ge.Wir bearbeiten die neu eingereichten F\u00f6rderantr\u00e4ge.<\/p>\n<\/div>\n\n\n\n<div class=\"wp-block-column is-layout-flow wp-block-column-is-layout-flow\" style=\"flex-basis:25%\"><\/div>\n<\/div>\n\n\n\n<hr class=\"wp-block-separator has-alpha-channel-opacity is-style-wide\" style=\"margin-top:var(--wp--preset--spacing--50);margin-bottom:var(--wp--preset--spacing--50)\"\/>\n\n\n\n<div class=\"wp-block-columns is-layout-flex wp-container-core-columns-is-layout-28f84493 wp-block-columns-is-layout-flex\">\n<div class=\"wp-block-column is-layout-flow wp-block-column-is-layout-flow\">\n<p class=\"has-x-large-font-size\">Dankesch\u00f6n &#8212;&#8212;&#8212;&#8212;&#8212;&#8212;&#8212;&#8212;&gt;<\/p>\n\n\n\n<p>Sie sollten eine E-Mail zur Best\u00e4tigung der Einreichung erhalten. <\/p>\n\n\n\n<p>Bitte geben Sie uns mindestens 2 Wochen Zeit, um uns bei Ihnen zu melden. <\/p>\n\n\n\n<p><\/p>\n<\/div>\n\n\n\n<div class=\"wp-block-column is-layout-flow wp-block-column-is-layout-flow\">\n<p><strong>Dies ist eine kleine Bem\u00fchung um Menschen aus der Krise und in die Gemeinschaft zu bringen.<\/strong><\/p>\n\n\n\n<p>Bitte sehen Sie sich in der Zwischenzeit einige andere Ressourcen der Gemeinschaft an, die hilfreich sein k\u00f6nnten. <\/p>\n<\/div>\n<\/div>\n","protected":false},"excerpt":{"rendered":"<p>Zuschussantr\u00e4ge sind derzeit geschlossen. Wir bearbeiten die neu eingereichten F\u00f6rderantr\u00e4ge.Wir bearbeiten die neu eingereichten F\u00f6rderantr\u00e4ge. Dankesch\u00f6n &#8212;&#8212;&#8212;&#8212;&#8212;&#8212;&#8212;&#8212;&gt; Sie sollten eine E-Mail zur Best\u00e4tigung der Einreichung erhalten. Bitte geben Sie uns mindestens 2 Wochen Zeit, um uns bei Ihnen zu melden. Dies ist eine kleine Bem\u00fchung um Menschen aus der Krise und in die Gemeinschaft zu [&hellip;]<\/p>\n","protected":false},"author":1,"featured_media":42,"parent":0,"menu_order":0,"comment_status":"closed","ping_status":"closed","template":"","meta":{"give_campaign_id":0,"footnotes":""},"class_list":["post-341","page","type-page","status-publish","has-post-thumbnail"],"campaignId":"","_links":{"self":[{"href":"https:\/\/queervienna.at\/de\/wp-json\/wp\/v2\/pages\/341","targetHints":{"allow":["GET"]}}],"collection":[{"href":"https:\/\/queervienna.at\/de\/wp-json\/wp\/v2\/pages"}],"about":[{"href":"https:\/\/queervienna.at\/de\/wp-json\/wp\/v2\/types\/page"}],"author":[{"embeddable":true,"href":"https:\/\/queervienna.at\/de\/wp-json\/wp\/v2\/users\/1"}],"replies":[{"embeddable":true,"href":"https:\/\/queervienna.at\/de\/wp-json\/wp\/v2\/comments?post=341"}],"version-history":[{"count":9,"href":"https:\/\/queervienna.at\/de\/wp-json\/wp\/v2\/pages\/341\/revisions"}],"predecessor-version":[{"id":663,"href":"https:\/\/queervienna.at\/de\/wp-json\/wp\/v2\/pages\/341\/revisions\/663"}],"wp:featuredmedia":[{"embeddable":true,"href":"https:\/\/queervienna.at\/de\/wp-json\/wp\/v2\/media\/42"}],"wp:attachment":[{"href":"https:\/\/queervienna.at\/de\/wp-json\/wp\/v2\/media?parent=341"}],"curies":[{"name":"wp","href":"https:\/\/api.w.org\/{rel}","templated":true}]}}