{"id":333,"date":"2024-04-12T15:08:05","date_gmt":"2024-04-12T15:08:05","guid":{"rendered":"https:\/\/queervienna.at\/resources\/"},"modified":"2024-04-23T17:44:11","modified_gmt":"2024-04-23T17:44:11","slug":"resources","status":"publish","type":"page","link":"https:\/\/queervienna.at\/de\/resources\/","title":{"rendered":"Resources"},"content":{"rendered":"\n<div class=\"wp-block-columns is-layout-flex wp-container-core-columns-is-layout-28f84493 wp-block-columns-is-layout-flex\">\n<div class=\"wp-block-column is-layout-flow wp-block-column-is-layout-flow\" style=\"flex-basis:33.33%\">\n<div class=\"wp-block-query alignfull is-layout-flow wp-block-query-is-layout-flow\">\n<div class=\"wp-block-group alignfull is-layout-flow wp-block-group-is-layout-flow\" style=\"padding-top:0;padding-right:0;padding-bottom:0;padding-left:0\"><form role=\"search\" method=\"get\" action=\"https:\/\/queervienna.at\/de\/\" class=\"wp-block-search__button-outside wp-block-search__text-button wp-block-search\"    ><label class=\"wp-block-search__label\" for=\"wp-block-search__input-1\" >Search<\/label><div class=\"wp-block-search__inside-wrapper\" ><input class=\"wp-block-search__input\" id=\"wp-block-search__input-1\" placeholder=\"\" value=\"\" type=\"search\" name=\"s\" required \/><button aria-label=\"Search\" class=\"wp-block-search__button wp-element-button\" type=\"submit\" >Search<\/button><\/div><\/form><\/div>\n<\/div>\n<\/div>\n\n\n\n<div class=\"wp-block-column is-layout-flow wp-block-column-is-layout-flow\" style=\"flex-basis:66.66%\"><div class=\"pt-cv-wrapper\"><div class=\"pt-cv-view pt-cv-grid pt-cv-colsys\" id=\"pt-cv-view-e2923f7uwl\"><div data-id=\"pt-cv-page-1\" class=\"pt-cv-page\" data-cvc=\"3\"><div class=\"col-md-4 col-sm-12 col-xs-12 pt-cv-content-item pt-cv-1-col\" ><div class='pt-cv-ifield'><a href=\"https:\/\/queervienna.at\/de\/courage-beratungsstelle\/\" class=\"_self pt-cv-href-thumbnail pt-cv-thumb-default\" target=\"_self\" ><img fetchpriority=\"high\" decoding=\"async\" width=\"300\" height=\"300\" src=\"https:\/\/queervienna.at\/wp-content\/uploads\/2024\/04\/pexels-cottonbro-4098228-300x300.jpeg\" class=\"pt-cv-thumbnail\" alt=\"\" srcset=\"https:\/\/queervienna.at\/wp-content\/uploads\/2024\/04\/pexels-cottonbro-4098228-300x300.jpeg 300w, https:\/\/queervienna.at\/wp-content\/uploads\/2024\/04\/pexels-cottonbro-4098228-150x150.jpeg 150w, https:\/\/queervienna.at\/wp-content\/uploads\/2024\/04\/pexels-cottonbro-4098228.jpeg 500w\" sizes=\"(max-width: 300px) 100vw, 300px\" \/><\/a>\n<h4 class=\"pt-cv-title\"><a href=\"https:\/\/queervienna.at\/de\/courage-beratungsstelle\/\" class=\"_self\" target=\"_self\" >COURAGE &#8211; Beratungsstelle<\/a><\/h4>\n<div class=\"pt-cv-content\">\n<p>COURAGE ist eine Beratungsstelle f\u00fcr Einzelpersonen und Partner sowie f\u00fcr Familien. Besuchen <a href=\"https:\/\/www.courage-beratung.at\/\">https:\/\/www.courage-beratung.at\/<\/a><\/p>\n<\/div><\/div><\/div>\n<div class=\"col-md-4 col-sm-12 col-xs-12 pt-cv-content-item pt-cv-1-col\" ><div class='pt-cv-ifield'><a href=\"https:\/\/queervienna.at\/de\/chainge-trans-peer-group-vienna\/\" class=\"_self pt-cv-href-thumbnail pt-cv-thumb-default\" target=\"_self\" ><img decoding=\"async\" width=\"300\" height=\"300\" src=\"https:\/\/queervienna.at\/wp-content\/uploads\/2024\/04\/pexels-lisettkruusimae-12289212-300x300.jpeg\" class=\"pt-cv-thumbnail\" alt=\"Photo by Lisett Kruusim\u00e4e: https:\/\/www.pexels.com\/photo\/two-people-holding-hands-12289212\/\" srcset=\"https:\/\/queervienna.at\/wp-content\/uploads\/2024\/04\/pexels-lisettkruusimae-12289212-300x300.jpeg 300w, https:\/\/queervienna.at\/wp-content\/uploads\/2024\/04\/pexels-lisettkruusimae-12289212-150x150.jpeg 150w, https:\/\/queervienna.at\/wp-content\/uploads\/2024\/04\/pexels-lisettkruusimae-12289212.jpeg 500w\" sizes=\"(max-width: 300px) 100vw, 300px\" \/><\/a>\n<h4 class=\"pt-cv-title\"><a href=\"https:\/\/queervienna.at\/de\/chainge-trans-peer-group-vienna\/\" class=\"_self\" target=\"_self\" >Cha(i)nge &#8211; Trans Peer Group Vienna<\/a><\/h4>\n<div class=\"pt-cv-content\">\n<p>Cha(i)nge ist ein Verein f\u00fcr alle transm\u00e4nnlichen und afab nicht-bin\u00e4ren Personen. Besuchen <a href=\"https:\/\/chaingepeergroup.at\/\">https:\/\/chaingepeergroup.at\/<\/a><\/p>\n<\/div><\/div><\/div>\n<div class=\"col-md-4 col-sm-12 col-xs-12 pt-cv-content-item pt-cv-1-col\" ><div class='pt-cv-ifield'><a href=\"https:\/\/queervienna.at\/de\/transx-verein-fuer-transgender-personen\/\" class=\"_self pt-cv-href-thumbnail pt-cv-thumb-default\" target=\"_self\" ><img decoding=\"async\" width=\"300\" height=\"300\" src=\"https:\/\/queervienna.at\/wp-content\/uploads\/2024\/04\/pexels-mccutcheon-3868990-300x300.jpeg\" class=\"pt-cv-thumbnail\" alt=\"\" srcset=\"https:\/\/queervienna.at\/wp-content\/uploads\/2024\/04\/pexels-mccutcheon-3868990-300x300.jpeg 300w, https:\/\/queervienna.at\/wp-content\/uploads\/2024\/04\/pexels-mccutcheon-3868990-150x150.jpeg 150w, https:\/\/queervienna.at\/wp-content\/uploads\/2024\/04\/pexels-mccutcheon-3868990.jpeg 500w\" sizes=\"(max-width: 300px) 100vw, 300px\" \/><\/a>\n<h4 class=\"pt-cv-title\"><a href=\"https:\/\/queervienna.at\/de\/transx-verein-fuer-transgender-personen\/\" class=\"_self\" target=\"_self\" >TransX &#8211; Verein f\u00fcr Transgender Personen<\/a><\/h4>\n<div class=\"pt-cv-content\">\n<p>Wenn Sie an Beratung und Gruppen f\u00fcr Transmenschen interessiert sind<a href=\"https:\/\/www.transx.at\/index.php\"> https:\/\/www.transx.at\/index.php<\/a><\/p>\n<\/div><\/div><\/div>\n<div class=\"col-md-4 col-sm-12 col-xs-12 pt-cv-content-item pt-cv-1-col\" ><div class='pt-cv-ifield'><a href=\"https:\/\/queervienna.at\/de\/caritas-wien\/\" class=\"_self pt-cv-href-thumbnail pt-cv-thumb-default\" target=\"_self\" ><img loading=\"lazy\" decoding=\"async\" width=\"300\" height=\"300\" src=\"https:\/\/queervienna.at\/wp-content\/uploads\/2024\/04\/pexels-irenefilms-9070103-300x300.jpeg\" class=\"pt-cv-thumbnail\" alt=\"\" srcset=\"https:\/\/queervienna.at\/wp-content\/uploads\/2024\/04\/pexels-irenefilms-9070103-300x300.jpeg 300w, https:\/\/queervienna.at\/wp-content\/uploads\/2024\/04\/pexels-irenefilms-9070103-150x150.jpeg 150w, https:\/\/queervienna.at\/wp-content\/uploads\/2024\/04\/pexels-irenefilms-9070103.jpeg 500w\" sizes=\"(max-width: 300px) 100vw, 300px\" \/><\/a>\n<h4 class=\"pt-cv-title\"><a href=\"https:\/\/queervienna.at\/de\/caritas-wien\/\" class=\"_self\" target=\"_self\" >Caritas Wien<\/a><\/h4>\n<div class=\"pt-cv-content\">\n<p>Wenn Sie Hilfe bei der Suche nach einer Wohnung, Lebensmitteln oder anderen Dingen des t\u00e4glichen Bedarfs ben\u00f6tigen, besuchen Sie <a href=\"https:\/\/www.caritas-wien.at\/hilfe-angebote\/beratung-nothilfe\">https:\/\/www.caritas-wien.at\/hilfe-angebote\/beratung-nothilfe<\/a><\/p>\n<\/div><\/div><\/div>\n<div class=\"col-md-4 col-sm-12 col-xs-12 pt-cv-content-item pt-cv-1-col\" ><div class='pt-cv-ifield'><a href=\"https:\/\/queervienna.at\/de\/frauenhaeuser-wien\/\" class=\"_self pt-cv-href-thumbnail pt-cv-thumb-default\" target=\"_self\" ><img loading=\"lazy\" decoding=\"async\" width=\"300\" height=\"300\" src=\"https:\/\/queervienna.at\/wp-content\/uploads\/2024\/04\/pexels-neosiam-594421-300x300.jpeg\" class=\"pt-cv-thumbnail\" alt=\"\" srcset=\"https:\/\/queervienna.at\/wp-content\/uploads\/2024\/04\/pexels-neosiam-594421-300x300.jpeg 300w, https:\/\/queervienna.at\/wp-content\/uploads\/2024\/04\/pexels-neosiam-594421-150x150.jpeg 150w, https:\/\/queervienna.at\/wp-content\/uploads\/2024\/04\/pexels-neosiam-594421.jpeg 500w\" sizes=\"(max-width: 300px) 100vw, 300px\" \/><\/a>\n<h4 class=\"pt-cv-title\"><a href=\"https:\/\/queervienna.at\/de\/frauenhaeuser-wien\/\" class=\"_self\" target=\"_self\" >Frauenh\u00e4user Wien<\/a><\/h4>\n<div class=\"pt-cv-content\">\n<p>Die vier Wiener Frauenh\u00e4user bieten Ihnen und Ihren Kindern Schutz, Hilfe und eine vor\u00fcbergehende Unterkunft. Ihre Nationalit\u00e4t, Ihre Religion oder Ihr Einkommen spielen keine Rolle. <a href=\"https:\/\/frauenhaeuser-wien.at\/en\/help\/\">https:\/\/frauenhaeuser-wien.at\/en\/help\/<\/a><\/p>\n<\/div><\/div><\/div>\n<div class=\"col-md-4 col-sm-12 col-xs-12 pt-cv-content-item pt-cv-1-col\" ><div class='pt-cv-ifield'><a href=\"https:\/\/queervienna.at\/de\/wien-lgbt\/\" class=\"_self pt-cv-href-thumbnail pt-cv-thumb-default\" target=\"_self\" ><img loading=\"lazy\" decoding=\"async\" width=\"300\" height=\"300\" src=\"https:\/\/queervienna.at\/wp-content\/uploads\/2024\/04\/pexels-manelandsean-14929130-300x300.jpeg\" class=\"pt-cv-thumbnail\" alt=\"\" srcset=\"https:\/\/queervienna.at\/wp-content\/uploads\/2024\/04\/pexels-manelandsean-14929130-300x300.jpeg 300w, https:\/\/queervienna.at\/wp-content\/uploads\/2024\/04\/pexels-manelandsean-14929130-150x150.jpeg 150w, https:\/\/queervienna.at\/wp-content\/uploads\/2024\/04\/pexels-manelandsean-14929130.jpeg 500w\" sizes=\"(max-width: 300px) 100vw, 300px\" \/><\/a>\n<h4 class=\"pt-cv-title\"><a href=\"https:\/\/queervienna.at\/de\/wien-lgbt\/\" class=\"_self\" target=\"_self\" >Wien LGBT<\/a><\/h4>\n<div class=\"pt-cv-content\">\n<p>Wenn Sie mit der queeren Szene in Kontakt kommen und sich \u00fcber allgemeine Veranstaltungen, Orte und die allgemeine Szene informieren wollen, k\u00f6nnen Sie uns besuchen: <a href=\"https:\/\/www.wien.info\/en\/see-do\/lgbt\">https:\/\/www.wien.info\/en\/see-do\/lgbt<\/a><\/p>\n<\/div><\/div><\/div>\n<div class=\"col-md-4 col-sm-12 col-xs-12 pt-cv-content-item pt-cv-1-col\" ><div class='pt-cv-ifield'><a href=\"https:\/\/queervienna.at\/de\/hosi-wien\/\" class=\"_self pt-cv-href-thumbnail pt-cv-thumb-default\" target=\"_self\" ><img loading=\"lazy\" decoding=\"async\" width=\"300\" height=\"300\" src=\"https:\/\/queervienna.at\/wp-content\/uploads\/2024\/04\/pexels-brett-sayles-1167034-300x300.jpeg\" class=\"pt-cv-thumbnail\" alt=\"\" srcset=\"https:\/\/queervienna.at\/wp-content\/uploads\/2024\/04\/pexels-brett-sayles-1167034-300x300.jpeg 300w, https:\/\/queervienna.at\/wp-content\/uploads\/2024\/04\/pexels-brett-sayles-1167034-150x150.jpeg 150w, https:\/\/queervienna.at\/wp-content\/uploads\/2024\/04\/pexels-brett-sayles-1167034.jpeg 500w\" sizes=\"(max-width: 300px) 100vw, 300px\" \/><\/a>\n<h4 class=\"pt-cv-title\"><a href=\"https:\/\/queervienna.at\/de\/hosi-wien\/\" class=\"_self\" target=\"_self\" >HOSI Wien<\/a><\/h4>\n<div class=\"pt-cv-content\">\n<p>Wenn Sie schwul oder lesbisch sind und Unterst\u00fctzung in Ihrem Coming-out-Prozess ben\u00f6tigen oder wenn Sie aufgrund Ihrer sexuellen Ausrichtung diskriminiert werden, k\u00f6nnen Sie sich an uns wenden: <a href=\"https:\/\/www.hosiwien.at\/\">https:\/\/www.hosiwien.at\/<\/a><\/p>\n<\/div><\/div><\/div>\n<div class=\"col-md-4 col-sm-12 col-xs-12 pt-cv-content-item pt-cv-1-col\" ><div class='pt-cv-ifield'><a href=\"https:\/\/queervienna.at\/de\/gewalt-ist-nie-ok\/\" class=\"_self pt-cv-href-thumbnail pt-cv-thumb-default\" target=\"_self\" ><img loading=\"lazy\" decoding=\"async\" width=\"300\" height=\"300\" src=\"https:\/\/queervienna.at\/wp-content\/uploads\/2024\/04\/pexels-rdne-6003790-300x300.jpeg\" class=\"pt-cv-thumbnail\" alt=\"\" srcset=\"https:\/\/queervienna.at\/wp-content\/uploads\/2024\/04\/pexels-rdne-6003790-300x300.jpeg 300w, https:\/\/queervienna.at\/wp-content\/uploads\/2024\/04\/pexels-rdne-6003790-150x150.jpeg 150w, https:\/\/queervienna.at\/wp-content\/uploads\/2024\/04\/pexels-rdne-6003790.jpeg 500w\" sizes=\"(max-width: 300px) 100vw, 300px\" \/><\/a>\n<h4 class=\"pt-cv-title\"><a href=\"https:\/\/queervienna.at\/de\/gewalt-ist-nie-ok\/\" class=\"_self\" target=\"_self\" >Gewalt ist nie ok!<\/a><\/h4>\n<div class=\"pt-cv-content\">\n<p>Wenn Sie mehr \u00fcber h\u00e4usliche Gewalt und den Umgang damit erfahren m\u00f6chten, besuchen Sie uns: <a href=\"https:\/\/www.gewalt-ist-nie-ok.at\/\">https:\/\/www.gewalt-ist-nie-ok.at\/<\/a><\/p>\n<\/div><\/div><\/div>\n<div class=\"col-md-4 col-sm-12 col-xs-12 pt-cv-content-item pt-cv-1-col\" ><div class='pt-cv-ifield'><a href=\"https:\/\/queervienna.at\/de\/aids-hilfe\/\" class=\"_self pt-cv-href-thumbnail pt-cv-thumb-default\" target=\"_self\" ><img loading=\"lazy\" decoding=\"async\" width=\"300\" height=\"300\" src=\"https:\/\/queervienna.at\/wp-content\/uploads\/2024\/04\/ahw-logo-300x300.png\" class=\"pt-cv-thumbnail\" alt=\"\" srcset=\"https:\/\/queervienna.at\/wp-content\/uploads\/2024\/04\/ahw-logo-300x300.png 300w, https:\/\/queervienna.at\/wp-content\/uploads\/2024\/04\/ahw-logo-150x150.png 150w, https:\/\/queervienna.at\/wp-content\/uploads\/2024\/04\/ahw-logo.png 690w\" sizes=\"(max-width: 300px) 100vw, 300px\" \/><\/a>\n<h4 class=\"pt-cv-title\"><a href=\"https:\/\/queervienna.at\/de\/aids-hilfe\/\" class=\"_self\" target=\"_self\" >AIDS Hilfe<\/a><\/h4>\n<div class=\"pt-cv-content\">\n<p>Wenn Sie Tests und Ratschl\u00e4ge zu VIH und anderen sexuell \u00fcbertragbaren Krankheiten ben\u00f6tigen, k\u00f6nnen Sie uns besuchen:<a href=\"https:\/\/aids.at\/\">https:\/\/aids.at\/<\/a><\/p>\n<\/div><\/div><\/div>\n<div class=\"col-md-4 col-sm-12 col-xs-12 pt-cv-content-item pt-cv-1-col\" ><div class='pt-cv-ifield'><a href=\"https:\/\/queervienna.at\/de\/queer-base-willkommen-und-unterstuetzung-fuer-lgbtiq-fluechtlinge\/\" class=\"_self pt-cv-href-thumbnail pt-cv-thumb-default\" target=\"_self\" ><img loading=\"lazy\" decoding=\"async\" width=\"300\" height=\"300\" src=\"https:\/\/queervienna.at\/wp-content\/uploads\/2024\/04\/pexels-rdne-4918531-300x300.jpeg\" class=\"pt-cv-thumbnail\" alt=\"\" srcset=\"https:\/\/queervienna.at\/wp-content\/uploads\/2024\/04\/pexels-rdne-4918531-300x300.jpeg 300w, https:\/\/queervienna.at\/wp-content\/uploads\/2024\/04\/pexels-rdne-4918531-150x150.jpeg 150w, https:\/\/queervienna.at\/wp-content\/uploads\/2024\/04\/pexels-rdne-4918531.jpeg 500w\" sizes=\"(max-width: 300px) 100vw, 300px\" \/><\/a>\n<h4 class=\"pt-cv-title\"><a href=\"https:\/\/queervienna.at\/de\/queer-base-willkommen-und-unterstuetzung-fuer-lgbtiq-fluechtlinge\/\" class=\"_self\" target=\"_self\" >Queer Base &#8211; Willkommen und Unterst\u00fctzung f\u00fcr LGBTIQ-Fl\u00fcchtlinge<\/a><\/h4>\n<div class=\"pt-cv-content\">\n<p>Wenn Sie Beratungsgespr\u00e4che zu den Themen Asyl und LGBTIQ suchen, besuchen Sie uns: <a href=\"https:\/\/queerbase.at\/\">https:\/\/queerbase.at\/<\/a><\/p>\n<\/div><\/div><\/div><\/div><\/div><\/div>\n<\/div>\n<\/div>\n","protected":false},"excerpt":{"rendered":"","protected":false},"author":1,"featured_media":0,"parent":0,"menu_order":0,"comment_status":"closed","ping_status":"closed","template":"","meta":{"give_campaign_id":0,"footnotes":""},"class_list":["post-333","page","type-page","status-publish"],"campaignId":"","_links":{"self":[{"href":"https:\/\/queervienna.at\/de\/wp-json\/wp\/v2\/pages\/333","targetHints":{"allow":["GET"]}}],"collection":[{"href":"https:\/\/queervienna.at\/de\/wp-json\/wp\/v2\/pages"}],"about":[{"href":"https:\/\/queervienna.at\/de\/wp-json\/wp\/v2\/types\/page"}],"author":[{"embeddable":true,"href":"https:\/\/queervienna.at\/de\/wp-json\/wp\/v2\/users\/1"}],"replies":[{"embeddable":true,"href":"https:\/\/queervienna.at\/de\/wp-json\/wp\/v2\/comments?post=333"}],"version-history":[{"count":5,"href":"https:\/\/queervienna.at\/de\/wp-json\/wp\/v2\/pages\/333\/revisions"}],"predecessor-version":[{"id":403,"href":"https:\/\/queervienna.at\/de\/wp-json\/wp\/v2\/pages\/333\/revisions\/403"}],"wp:attachment":[{"href":"https:\/\/queervienna.at\/de\/wp-json\/wp\/v2\/media?parent=333"}],"curies":[{"name":"wp","href":"https:\/\/api.w.org\/{rel}","templated":true}]}}