{"id":310,"date":"2024-04-10T12:02:48","date_gmt":"2024-04-10T12:02:48","guid":{"rendered":"https:\/\/queervienna.at\/about-viennas-qmaf\/"},"modified":"2025-09-11T11:58:47","modified_gmt":"2025-09-11T11:58:47","slug":"about-viennas-qmaf","status":"publish","type":"page","link":"https:\/\/queervienna.at\/de\/about-viennas-qmaf\/","title":{"rendered":"\u00dcber QVMAF"},"content":{"rendered":"\n<div class=\"wp-block-columns is-layout-flex wp-container-core-columns-is-layout-28f84493 wp-block-columns-is-layout-flex\">\n<div class=\"wp-block-column is-layout-flow wp-block-column-is-layout-flow\" style=\"padding-right:var(--wp--preset--spacing--50);padding-left:var(--wp--preset--spacing--50)\">\n<p style=\"padding-right:var(--wp--preset--spacing--50);padding-left:var(--wp--preset--spacing--50)\"><strong>Was ist Queer Mutual Aid Fond?<\/strong><\/p>\n\n\n\n<p>Der Queer Mutual Aid Fund, eine Initiative des Villa Vida Caf\u00e9 und des Verein Hint.Wien. Diese Initiative existiert, um sozio-\u00f6konomische Solidarit\u00e4t zwischen verschiedenen queeren\/LGBTQIA+ Gemeinschaften in Wien zu f\u00f6rdern. Dieser Fonds vergibt Mikrozusch\u00fcsse an hoch-intersektionale queere Menschen, die in Wien leben und die in dringende, unerwartete finanzielle Schwierigkeiten gekommen sind.<\/p>\n\n\n\n<p class=\"has-vivid-red-color has-text-color has-link-color has-large-font-size wp-elements-f0ed0808102c546949b3e642317ab32b\"><strong><a href=\"https:\/\/queervienna.at\/de\/grant-application\/\" data-type=\"page\" data-id=\"29\">Die Zusch\u00fcsse sind jetzt Geschlossen.<\/a><\/strong><\/p>\n\n\n\n<p>Viele in unserer queeren Wiener Community haben das Gl\u00fcck in Stabilit\u00e4t und Wohlstand zu leben. Jedoch gibt es viele ungesehene LGBTQIA+ Menschen, die jeden Tag gro\u00dfe Not erleben. Ohne das Privileg und die Kenntnisse, die notwendig sind, um sich in den formalen Systemen zurecht zu finden, werden die vulnerabelsten Menschen oft von der Grundversorgung ausgeschlossen. Dieser Fonds vergibt Mikrozusch\u00fcsse an hoch-intersektionale queere Menschen, die in Wien leben und die in dringende, unerwartete finanzielle Schwierigkeiten gekommen sind.<\/p>\n\n\n\n<p>Systeme der gegenseitigen Hilfe f\u00f6rdern die gemeinschafts\u00fcbergreifende Zusammenarbeit um den Bed\u00fcrfnissen aller gerecht zu werden; insbesondere zur Unterst\u00fctzung derjenigen, die von struktureller Marginalisierung betroffen sind. Der Queer Mutual Aid Fund ist von der \u00dcberzeugung inspiriert, dass jedes queere Individuum sich wunderbar entwickeln kann, wenn es unterst\u00fctzt, gef\u00f6rdert und wertgesch\u00e4tzt wird. <strong>Es ist kein Akt der Wohlt\u00e4tigkeit. Es ist ein starker Akt der Wiener Queer-Solidarit\u00e4t.<\/strong><\/p>\n\n\n\n<p><strong>Der Fonds ist jetzt f\u00fcr Bewerbungen f\u00fcr das Jahr 2025 offen!<\/strong><\/p>\n\n\n\n<p class=\"has-vivid-purple-color has-text-color has-link-color has-large-font-size wp-elements-537f02cbe4249717e5c827f5f33c0b02\"><strong><a href=\"https:\/\/queervienna.at\/de\/\" data-type=\"page\" data-id=\"48\">F\u00fcr den Fonds spenden<\/a><\/strong><\/p>\n\n\n\n<p>Dies ist eine kleine Bem\u00fchung um Menschen aus der Krise und in die Gemeinschaft zu bringen. Wir glauben an unsere gemeinsame Verantwortung uns gegenseitig zu helfen.<\/p>\n\n\n\n<p>Wir legen Wert auf Vertraulichkeit und den Schutz der Privatsph\u00e4re unserer Bewerber:innen. Alle Informationen, die w\u00e4hrend des Antragsverfahrens weitergegeben werden, werden mit \u00e4usserster Sorgfalt behandelt um sicher zu stellen, dass jeder Einzelne sich sicher f\u00fchlt, w\u00e4hrend jeder\/jede Bewerber\/Bewerberin die Unterst\u00fctzung sucht die er\/sie braucht. Ein vielf\u00e4ltiges Gremium aus der queeren Community pr\u00fcft die anonymen Bewerbungen sorgf\u00e4ltig, und stellt sicher, dass die Entscheidungen mit Einf\u00fchlungsverm\u00f6gen und Verst\u00e4ndnis getroffen werden.<\/p>\n\n\n\n<figure class=\"wp-block-image size-full\"><img fetchpriority=\"high\" decoding=\"async\" width=\"500\" height=\"500\" src=\"https:\/\/queervienna.at\/wp-content\/uploads\/2024\/05\/Mutual-Aid-Fund-closed.png\" alt=\"\" class=\"wp-image-492\" srcset=\"https:\/\/queervienna.at\/wp-content\/uploads\/2024\/05\/Mutual-Aid-Fund-closed.png 500w, https:\/\/queervienna.at\/wp-content\/uploads\/2024\/05\/Mutual-Aid-Fund-closed-300x300.png 300w, https:\/\/queervienna.at\/wp-content\/uploads\/2024\/05\/Mutual-Aid-Fund-closed-150x150.png 150w\" sizes=\"(max-width: 500px) 100vw, 500px\" \/><\/figure>\n<\/div>\n\n\n\n<div class=\"wp-block-column is-layout-flow wp-block-column-is-layout-flow\" style=\"padding-right:var(--wp--preset--spacing--80);padding-left:var(--wp--preset--spacing--80)\"><figure style=\"padding-right:0;padding-left:0;\" class=\"wp-block-post-featured-image\"><img decoding=\"async\" width=\"1200\" height=\"300\" src=\"https:\/\/queervienna.at\/wp-content\/uploads\/2024\/04\/mutual-care-1200-x-300-px.png\" class=\"attachment-post-thumbnail size-post-thumbnail wp-post-image\" alt=\"\" style=\"object-fit:cover;\" srcset=\"https:\/\/queervienna.at\/wp-content\/uploads\/2024\/04\/mutual-care-1200-x-300-px.png 1200w, https:\/\/queervienna.at\/wp-content\/uploads\/2024\/04\/mutual-care-1200-x-300-px-300x75.png 300w, https:\/\/queervienna.at\/wp-content\/uploads\/2024\/04\/mutual-care-1200-x-300-px-1024x256.png 1024w, https:\/\/queervienna.at\/wp-content\/uploads\/2024\/04\/mutual-care-1200-x-300-px-768x192.png 768w\" sizes=\"(max-width: 1200px) 100vw, 1200px\" \/><\/figure>\n\n\n<p>FAQ &#8211; H\u00e4ufig gestellte Fragen<\/p>\n\n\n\n<div class=\"wp-block-gutena-accordion gutena-accordion-block gutena-accordion-block-d28d78-b4 is-layout-flow wp-block-gutena-accordion-is-layout-flow\" data-single=\"true\">\n<div class=\"wp-block-gutena-accordion-panel gutena-accordion-block__panel\">\n<div class=\"wp-block-gutena-accordion-panel-title gutena-accordion-block__panel-title\"><div class=\"gutena-accordion-block__panel-title-inner\">\n<h6 class=\"wp-block-heading has-text-align-left\" style=\"margin-top:0px;margin-right:0px;margin-bottom:0px;margin-left:0px\"><strong>Wer kann sich bewerben?<\/strong><\/h6>\n<div class=\"trigger-up-down\"><div class=\"horizontal\"><\/div><div class=\"vertical\"><\/div><\/div><\/div><\/div>\n\n\n\n<div class=\"wp-block-gutena-accordion-panel-content gutena-accordion-block__panel-content\"><div class=\"gutena-accordion-block__panel-content-inner\">\n<p style=\"margin-top:0;margin-bottom:0\">Das Antragsverfahren f\u00fcr den Queer Vienna Mutual Aid Fund ist f\u00fcr Personen ab 16 Jahre und \u00e4lter bestimmt, die in Wien leben und ein Teil der queeren Community sind. <br><br>Wir begr\u00fc\u00dfen Bewerbungen aus allen Ecken des queeren Spektrums. Unser Fonds hat sich der Inklusivit\u00e4t verschrieben, und ist sich bewusst, dass die LGBTQIA+ Gemeinschaft in Wien vielf\u00e4ltig ist und Einzelpersonen aufgrund ihrer sich \u00fcberschneidenden Identit\u00e4ten vor besonderen Herausforderungen stehen k\u00f6nnen. Der Fonds ist insbesondere <strong> eine Quelle kurzfristiger oder au\u00dfergew\u00f6hnlicher finanzieller Entlastung f\u00fcr queere Menschen<\/strong>, die sich regelm\u00e4\u00dfig in stark intersektionalem, queer\/LGBTQIA+ Organizing, Sozialarbeit, Peer Learning, Beratung, Aktivismus oder anderen Formen der gegenseitigen Unterst\u00fctzung von queer\/LGBTQIA+ und Freiwilligenarbeit in Wien als Teil von queeren Communities engagieren.<\/p>\n<\/div><\/div>\n<\/div>\n\n\n\n<div class=\"wp-block-gutena-accordion-panel gutena-accordion-block__panel\">\n<div class=\"wp-block-gutena-accordion-panel-title gutena-accordion-block__panel-title\"><div class=\"gutena-accordion-block__panel-title-inner\">\n<h6 class=\"wp-block-heading has-text-align-left\" style=\"margin-top:0px;margin-right:0px;margin-bottom:0px;margin-left:0px\"><strong>Wof\u00fcr sind die Zusch\u00fcsse gedacht?<\/strong><\/h6>\n<div class=\"trigger-up-down\"><div class=\"horizontal\"><\/div><div class=\"vertical\"><\/div><\/div><\/div><\/div>\n\n\n\n<div class=\"wp-block-gutena-accordion-panel-content gutena-accordion-block__panel-content\"><div class=\"gutena-accordion-block__panel-content-inner\">\n<p>Der Fonds bietet eine <strong>einmalige Zahlung<\/strong>, die f\u00fcr Probleme wie au\u00dfergew\u00f6hnliche Mietm\u00e4ngel, unsichere Unterk\u00fcnfte, medizinische Notf\u00e4lle, Reisenotf\u00e4lle, unerwartete Rechnungen, unerwartete Arbeitslosigkeit und Lebensmittel verwendet werden kann. <\/p>\n\n\n\n<p><\/p>\n<\/div><\/div>\n<\/div>\n\n\n\n<div class=\"wp-block-gutena-accordion-panel gutena-accordion-block__panel\">\n<div class=\"wp-block-gutena-accordion-panel-title gutena-accordion-block__panel-title\"><div class=\"gutena-accordion-block__panel-title-inner\">\n<h6 class=\"wp-block-heading has-text-align-left\" style=\"margin-top:0px;margin-right:0px;margin-bottom:0px;margin-left:0px\"><strong>Welche Grenzen sind dem Fonds gesetzt?<\/strong><\/h6>\n<div class=\"trigger-up-down\"><div class=\"horizontal\"><\/div><div class=\"vertical\"><\/div><\/div><\/div><\/div>\n\n\n\n<div class=\"wp-block-gutena-accordion-panel-content gutena-accordion-block__panel-content\"><div class=\"gutena-accordion-block__panel-content-inner\">\n<p>Der Betrag, der zur Verf\u00fcgung gestellt werden kann, ist begrenzt und h\u00e4ngt von der Art und Anzahl der in der Einreichungsphase eingegangenen Antr\u00e4ge ab. Die H\u00f6he der Zusch\u00fcsse h\u00e4ngt von der H\u00f6he der verbleibenden Mittel im Fonds ab. <\/p>\n\n\n\n<p>Es kann nur ein Zuschuss pro Person auf ein Mal gew\u00e4hrt werden.<\/p>\n<\/div><\/div>\n<\/div>\n<\/div>\n\n\n\n<div class=\"wp-block-gutena-accordion gutena-accordion-block gutena-accordion-block-8e0033-84 is-layout-flow wp-block-gutena-accordion-is-layout-flow\" data-single=\"true\">\n<div class=\"wp-block-gutena-accordion-panel gutena-accordion-block__panel\">\n<div class=\"wp-block-gutena-accordion-panel-title gutena-accordion-block__panel-title\"><div class=\"gutena-accordion-block__panel-title-inner\">\n<h6 class=\"wp-block-heading has-text-align-left\" style=\"margin-top:0px;margin-right:0px;margin-bottom:0px;margin-left:0px\"><strong>Wie funktioniert der Fonds?<\/strong><\/h6>\n<div class=\"trigger-up-down\"><div class=\"horizontal\"><\/div><div class=\"vertical\"><\/div><\/div><\/div><\/div>\n\n\n\n<div class=\"wp-block-gutena-accordion-panel-content gutena-accordion-block__panel-content\"><div class=\"gutena-accordion-block__panel-content-inner\">\n<p style=\"margin-top:0;margin-bottom:0\">Der Fonds wurde eingerichtet, damit queere Menschen Unterst\u00fctzung finden k\u00f6nnen, ohne die Last der R\u00fcckzahlung tragen zu m\u00fcssen. Wir sind uns bewusst, dass finanzielle Schwierigkeiten unverh\u00e4ltnism\u00e4\u00dfig viele queere Gemeinschaften treffen k\u00f6nnen, und unser Ziel ist es, ein Sicherheitsnetz zu schaffen, das es den Menschen erm\u00f6glicht, die Herausforderungen des Lebens mit W\u00fcrde und Widerstandskraft zu meistern. Deshalb ist die Unterst\u00fctzung aus unserem Fonds <strong>ein Geschenk, kein Darlehen<\/strong>. Von den Empf\u00e4ngern wird nicht erwartet, dass sie die erhaltenen Mittel zur\u00fcckzahlen, so dass sie sich auf ihr Wohlergehen und die \u00dcberwindung von Hindernissen konzentrieren k\u00f6nnen, ohne zus\u00e4tzlichen Stress durch finanzielle Verpflichtungen.<\/p>\n\n\n\n<p>Jeder Antrag wird vertraulich und so schnell wie m\u00f6glich bearbeitet. Jedem Antrag wird eine Referenznummer zugeteilt, die zu internen Pr\u00fcfzwecken von den Bankdaten des Antrags getrennt wird. <\/p>\n\n\n\n<p>Der Fonds wird von der <a href=\"https:\/\/villavida.at\/\">Villa Vida<\/a> und dem <a href=\"https:\/\/www.hint.wien\/\">Verein Hint Wien<\/a> koordiniert und verwaltet. Er wird durch Spenden aus allen in Wien lebenden hoch intersektionalen Queer-Communities, erm\u00f6glicht.<\/p>\n\n\n\n<p><br>Um sicherzustellen, dass der Fonds die Gemeinschaft unterst\u00fctzt, die wir in dieser ersten Runde st\u00e4rken wollen, m\u00fcssen die Namen auf dem Ausweis und\/oder dem Meldezettel mit denen auf der Bankverbindung \u00fcbereinstimmen.<\/p>\n<\/div><\/div>\n<\/div>\n\n\n\n<div class=\"wp-block-gutena-accordion-panel gutena-accordion-block__panel\">\n<div class=\"wp-block-gutena-accordion-panel-title gutena-accordion-block__panel-title\"><div class=\"gutena-accordion-block__panel-title-inner\">\n<h6 class=\"wp-block-heading has-text-align-left\" style=\"margin-top:0px;margin-right:0px;margin-bottom:0px;margin-left:0px\"><strong>Wie lange dauert es bis die Antr\u00e4ge \u00fcberpr\u00fcft werden?<\/strong><\/h6>\n<div class=\"trigger-up-down\"><div class=\"horizontal\"><\/div><div class=\"vertical\"><\/div><\/div><\/div><\/div>\n\n\n\n<div class=\"wp-block-gutena-accordion-panel-content gutena-accordion-block__panel-content\"><div class=\"gutena-accordion-block__panel-content-inner\">\n<p style=\"margin-top:0;margin-bottom:0\">Es gibt eine zweiw\u00f6chige Pr\u00fcfungsphase f\u00fcr Bewerbungen. Wenn Sie f\u00f6rderf\u00e4hig sind, werden wir Ihre Identit\u00e4t und Ihre Angaben in Ihrem Antrag best\u00e4tigen. Dann \u00fcberweisen wir den vereinbarten Betrag auf Ihr Konto. Die meisten Antragsteller erhalten das Geld innerhalb von 1-2 Wochen nach Genehmigung des Antrags. <\/p>\n<\/div><\/div>\n<\/div>\n\n\n\n<div class=\"wp-block-gutena-accordion-panel gutena-accordion-block__panel\">\n<div class=\"wp-block-gutena-accordion-panel-title gutena-accordion-block__panel-title\"><div class=\"gutena-accordion-block__panel-title-inner\">\n<h6 class=\"wp-block-heading has-text-align-left\" style=\"margin-top:0px;margin-right:0px;margin-bottom:0px;margin-left:0px\"><strong>Wie kann ich dem Queer Mutual Aid Fund spenden?<\/strong><\/h6>\n<div class=\"trigger-up-down\"><div class=\"horizontal\"><\/div><div class=\"vertical\"><\/div><\/div><\/div><\/div>\n\n\n\n<div class=\"wp-block-gutena-accordion-panel-content gutena-accordion-block__panel-content\"><div class=\"gutena-accordion-block__panel-content-inner\">\n<p>Der Queer Mutual Aid Fund ist offen f\u00fcr Spenden von Einzelpersonen, Unternehmen und Organisationen, die die Wiener LGBTQIA+ Community unterst\u00fctzen wollen. <a href=\"https:\/\/queervienna.at\/de\/\" data-type=\"page\" data-id=\"48\">Hier klicken um online zu spenden.<\/a><\/p>\n\n\n\n<p><strong>Bankverbindung:<\/strong><\/p>\n\n\n\n<p>Hint.wien Verein<br>zur F\u00f6rderung intersektionaler queerer Kultur<br><strong>AT411200010036683331<\/strong><\/p>\n\n\n\n<p><strong>Partnerschaften<\/strong>: Wenn Sie Ihren Einfluss vervielfachen und uns dabei helfen wollen, zu wachsen und mehr queere\/LGBTQIA+ Menschen in Wien zu erreichen, hinterlassen Sie uns Ihre Daten auf der <a href=\"https:\/\/queervienna.at\/de\/contact\/\" data-type=\"page\" data-id=\"57\">Kontaktseite<\/a>. Wir w\u00fcrden uns sehr freuen, ein Treffen zu vereinbaren, zu reden und die M\u00f6glichkeit einer Partnerschaft auszuloten!<\/p>\n<\/div><\/div>\n<\/div>\n<\/div>\n<\/div>\n<\/div>\n","protected":false},"excerpt":{"rendered":"<p>Was ist Queer Mutual Aid Fond? Der Queer Mutual Aid Fund, eine Initiative des Villa Vida Caf\u00e9 und des Verein Hint.Wien. Diese Initiative existiert, um sozio-\u00f6konomische Solidarit\u00e4t zwischen verschiedenen queeren\/LGBTQIA+ Gemeinschaften in Wien zu f\u00f6rdern. Dieser Fonds vergibt Mikrozusch\u00fcsse an hoch-intersektionale queere Menschen, die in Wien leben und die in dringende, unerwartete finanzielle Schwierigkeiten gekommen [&hellip;]<\/p>\n","protected":false},"author":1,"featured_media":46,"parent":0,"menu_order":0,"comment_status":"closed","ping_status":"closed","template":"","meta":{"give_campaign_id":0,"footnotes":""},"class_list":["post-310","page","type-page","status-publish","has-post-thumbnail"],"campaignId":"","_links":{"self":[{"href":"https:\/\/queervienna.at\/de\/wp-json\/wp\/v2\/pages\/310","targetHints":{"allow":["GET"]}}],"collection":[{"href":"https:\/\/queervienna.at\/de\/wp-json\/wp\/v2\/pages"}],"about":[{"href":"https:\/\/queervienna.at\/de\/wp-json\/wp\/v2\/types\/page"}],"author":[{"embeddable":true,"href":"https:\/\/queervienna.at\/de\/wp-json\/wp\/v2\/users\/1"}],"replies":[{"embeddable":true,"href":"https:\/\/queervienna.at\/de\/wp-json\/wp\/v2\/comments?post=310"}],"version-history":[{"count":11,"href":"https:\/\/queervienna.at\/de\/wp-json\/wp\/v2\/pages\/310\/revisions"}],"predecessor-version":[{"id":665,"href":"https:\/\/queervienna.at\/de\/wp-json\/wp\/v2\/pages\/310\/revisions\/665"}],"wp:featuredmedia":[{"embeddable":true,"href":"https:\/\/queervienna.at\/de\/wp-json\/wp\/v2\/media\/46"}],"wp:attachment":[{"href":"https:\/\/queervienna.at\/de\/wp-json\/wp\/v2\/media?parent=310"}],"curies":[{"name":"wp","href":"https:\/\/api.w.org\/{rel}","templated":true}]}}